{"id":9184,"date":"2021-08-24T18:32:30","date_gmt":"2021-08-24T16:32:30","guid":{"rendered":"https:\/\/www.stanagexpert.com\/produkt\/kurs-informacja-zwrotna-do-pisania-wg-stanag-6001\/"},"modified":"2021-08-24T18:32:30","modified_gmt":"2021-08-24T16:32:30","slug":"kurs-informacja-zwrotna-do-pisania-wg-stanag-6001","status":"publish","type":"product","link":"https:\/\/www.stanagexpert.com\/pl\/produkt\/kurs-informacja-zwrotna-do-pisania-wg-stanag-6001\/","title":{"rendered":"Kurs INFORMACJA ZWROTNA do PISANIA wg STANAG 6001"},"content":{"rendered":"<p>Napisz 11 tekst\u00f3w egzaminacyjnych STANAG 6001 (listy\/e-maile, memo i raporty reports) na zadane tematy i otrzymaj informacj\u0119 zwrotna i poprawki. Otrzymasz 11 tekst\u00f3w do napisania, kt\u00f3re sprawdz\u0119 i prze\u015ble informacj\u0119 zwrotn\u0105 zgodn\u0105 ze STANAG 6001 mailem. Produkt wygasa w ciagu 6 miesi\u0119cy od zakupu.\u00a0<\/p>\n","protected":false},"excerpt":{"rendered":"<p>Naucz si\u0119 pisa\u0107 teksty egzaminacyjne ii otrzymaj profesjonaln\u0105 informacj\u0119 zwrotn\u0105 zgodna z norm\u0105 STANAG 6001..\u00a0<\/p>\n<p>Ucz si\u0119 od zera lub powtarzaj przed egzaminem.<\/p>\n<p>Pakiet zawiera:<\/p>\n<ul>\n<li>11 zada\u0144 (temat\u00f3w) STANAG 6001 z pisania \u00a0(topics), listy maile, memo i raporty \u2013 \u00a0ty wybierasz rodzaj zada\u0144 i poziom (STANAG 1,2,3,4)\u00a0<\/li>\n<li>pisemna informacj\u0119 zwrotna i poprawione teksty otrzymasz emailem<\/li>\n<li>dost\u0119p do nauczyciela przez email (zadajesz pytania kiedy potrzebujesz).<\/li>\n<\/ul>\n","protected":false},"featured_media":8493,"comment_status":"open","ping_status":"closed","template":"","meta":{"_et_pb_use_builder":"off","_et_pb_old_content":"<p>Napisz 11 tekst\u00f3w egzaminacyjnych STANAG 6001 (listy\/e-maile, memo i raporty reports) na zadane tematy i otrzymaj informacj\u0119 zwrotna i poprawki. Otrzymasz 11 tekst\u00f3w do napisania, kt\u00f3re sprawdz\u0119 i prze\u015ble informacj\u0119 zwrotn\u0105 zgodn\u0105 ze STANAG 6001 mailem. Produkt wygasa w ciagu 6 miesi\u0119cy od zakupu.\u00a0<\/p>","_et_gb_content_width":""},"product_brand":[],"product_cat":[711,712,714],"product_tag":[],"class_list":{"0":"post-9184","1":"product","2":"type-product","3":"status-publish","4":"has-post-thumbnail","6":"product_cat-kursy","7":"product_cat-lekcje","8":"product_cat-trening","10":"first","11":"instock","12":"downloadable","13":"virtual","14":"purchasable","15":"product-type-simple"},"jetpack_sharing_enabled":true,"jetpack_likes_enabled":true,"_links":{"self":[{"href":"https:\/\/www.stanagexpert.com\/pl\/wp-json\/wp\/v2\/product\/9184","targetHints":{"allow":["GET"]}}],"collection":[{"href":"https:\/\/www.stanagexpert.com\/pl\/wp-json\/wp\/v2\/product"}],"about":[{"href":"https:\/\/www.stanagexpert.com\/pl\/wp-json\/wp\/v2\/types\/product"}],"replies":[{"embeddable":true,"href":"https:\/\/www.stanagexpert.com\/pl\/wp-json\/wp\/v2\/comments?post=9184"}],"wp:featuredmedia":[{"embeddable":true,"href":"https:\/\/www.stanagexpert.com\/pl\/wp-json\/wp\/v2\/media\/8493"}],"wp:attachment":[{"href":"https:\/\/www.stanagexpert.com\/pl\/wp-json\/wp\/v2\/media?parent=9184"}],"wp:term":[{"taxonomy":"product_brand","embeddable":true,"href":"https:\/\/www.stanagexpert.com\/pl\/wp-json\/wp\/v2\/product_brand?post=9184"},{"taxonomy":"product_cat","embeddable":true,"href":"https:\/\/www.stanagexpert.com\/pl\/wp-json\/wp\/v2\/product_cat?post=9184"},{"taxonomy":"product_tag","embeddable":true,"href":"https:\/\/www.stanagexpert.com\/pl\/wp-json\/wp\/v2\/product_tag?post=9184"}],"curies":[{"name":"wp","href":"https:\/\/api.w.org\/{rel}","templated":true}]}}